{"id":2104,"date":"2021-03-23T09:33:48","date_gmt":"2021-03-23T09:33:48","guid":{"rendered":"http:\/\/localhost\/nuss\/?page_id=167"},"modified":"2026-03-11T07:52:47","modified_gmt":"2026-03-11T07:52:47","slug":"unsere-geschichte","status":"publish","type":"page","link":"https:\/\/moshiyajuhotel.com\/de\/our-story\/","title":{"rendered":"Unsere Geschichte"},"content":{"rendered":"<div data-elementor-type=\"wp-page\" data-elementor-id=\"2104\" class=\"elementor elementor-2104\">\n\t\t\t\t\t\t<section class=\"elementor-section elementor-top-section elementor-element elementor-element-8f5bb9d elementor-section-boxed elementor-section-gap-beside-yes elementor-section-height-default elementor-section-height-default elementor-section-column-vertical-align-stretch\" data-id=\"8f5bb9d\" data-element_type=\"section\" data-e-type=\"section\">\n\t\t\t\t\t\t<div class=\"elementor-container elementor-column-gap-extended\">\n\t\t\t\t\t<div class=\"elementor-column elementor-col-100 elementor-top-column elementor-element elementor-element-7ec4215\" data-id=\"7ec4215\" data-element_type=\"column\" data-e-type=\"column\">\n\t\t\t<div class=\"elementor-widget-wrap elementor-element-populated\">\n\t\t\t\t\t\t<div class=\"elementor-element elementor-element-edd9d03 elementor-widget__width-initial elementor-invisible elementor-widget elementor-widget-text-editor\" data-id=\"edd9d03\" data-element_type=\"widget\" data-e-type=\"widget\" data-settings=\"{&quot;_animation&quot;:&quot;nussFadeInUp&quot;}\" data-widget_type=\"text-editor.default\">\n\t\t\t\t\t\t\t\t\tUnsere Geschichte \u2013 Shenzhen Moshiyaju Hotel (Luohu Mixc Branch)\t\t\t\t\t\t\t\t<\/div>\n\t\t\t\t\t<\/div>\n\t\t<\/div>\n\t\t\t\t\t<\/div>\n\t\t<\/section>\n\t\t<div class=\"elementor-element elementor-element-14e3d18 e-flex e-con-boxed e-con e-parent\" data-id=\"14e3d18\" data-element_type=\"container\" data-e-type=\"container\">\n\t\t\t\t\t<div class=\"e-con-inner\">\n\t\t\t\t<div class=\"elementor-element elementor-element-df15686 elementor-widget elementor-widget-text-editor\" data-id=\"df15686\" data-element_type=\"widget\" data-e-type=\"widget\" data-widget_type=\"text-editor.default\">\n\t\t\t\t\t\t\t\t\t<h2 class=\"qwen-markdown-heading\"><span class=\"qwen-markdown-text\" data-spm-anchor-id=\"a2ty_o01.29997173.0.i54.78345171BgDrYA\">Eine Reise der Gastfreundschaft in Perfektion im Herzen von Shenzhen<\/span><\/h2><div class=\"qwen-markdown-paragraph\"><span class=\"qwen-markdown-text\" data-spm-anchor-id=\"a2ty_o01.29997173.0.i53.78345171BgDrYA\">Willkommen bei <\/span><strong class=\"qwen-markdown-strong\"><span class=\"qwen-markdown-text\">Shenzhen Moshiyaju Hotel (Luohu Mixc Branch)<\/span><\/strong><span class=\"qwen-markdown-text\">, Hier wird jedes Kapitel unserer Geschichte mit Leidenschaft, Zielstrebigkeit und dem unersch\u00fctterlichen Bestreben geschrieben, unseren G\u00e4sten unvergessliche Erlebnisse zu bereiten. (Standort: [Adresse einf\u00fcgen]) <\/span><strong class=\"qwen-markdown-strong\"><span class=\"qwen-markdown-text\">Nr. 6 Guiyuan North Road, Bezirk Luohu, Shenzhen, Guangdong, China<\/span><\/strong><span class=\"qwen-markdown-text\">, Unser Hotel ist mehr als nur ein Ort zum \u00dcbernachten \u2013 es verk\u00f6rpert eine Vision moderner Gastfreundschaft, die zeitgen\u00f6ssischen Komfort mit echter menschlicher Begegnung verbindet.<\/span><\/div><div class=\"qwen-markdown-space\">\u00a0<\/div><h2 class=\"qwen-markdown-heading\"><span class=\"qwen-markdown-text\">Unsere Urspr\u00fcnge: Entstanden aus der Vision au\u00dfergew\u00f6hnlichen Service<\/span><\/h2><div class=\"qwen-markdown-paragraph\"><span class=\"qwen-markdown-text\">Die Geschichte des Shenzhen Moshiyaju Hotels begann mit einer einfachen, aber wirkungsvollen Idee: ein Boutique-Hotelerlebnis zu schaffen, das die Erwartungen in jeder Hinsicht \u00fcbertrifft. In einer so dynamischen und schnelllebigen Stadt wie Shenzhen erkannten wir, dass Reisende mehr als nur ein Zimmer brauchten \u2013 sie brauchten einen Ort der Ruhe, an dem sie sich erholen, neue Kraft tanken und sich rundum wohlf\u00fchlen konnten.<\/span><\/div><div class=\"qwen-markdown-space\">\u00a0<\/div><div class=\"qwen-markdown-paragraph\"><span class=\"qwen-markdown-text\">Unser Gr\u00fcnderteam vereinte jahrelange Erfahrung in der Hotellerie und wusste aus erster Hand, was G\u00e4sten ein wirklich herzliches Willkommen bereitet. Wir stellten fest, dass die unvergesslichsten Aufenthalte nicht allein durch prunkvolle Dekorationen oder teure Annehmlichkeiten gepr\u00e4gt waren, sondern durch liebevolle Details, ein herzliches L\u00e4cheln und einen proaktiven Service, der Bed\u00fcrfnisse antizipierte, noch bevor sie ge\u00e4u\u00dfert wurden. Mit dieser Erkenntnis machten wir uns daran, ein Hotel zu errichten, das den Standard f\u00fcr urbane Unterk\u00fcnfte neu definieren sollte. <\/span><strong class=\"qwen-markdown-strong\"><span class=\"qwen-markdown-text\">Bezirk Luohu<\/span><\/strong><span class=\"qwen-markdown-text\">.<\/span><\/div><div class=\"qwen-markdown-space\">\u00a0<\/div><h2 class=\"qwen-markdown-heading\"><span class=\"qwen-markdown-text\">Die Bedeutung hinter unserem Namen<\/span><\/h2><div class=\"qwen-markdown-paragraph\"><span class=\"qwen-markdown-text\">Der Name <\/span><strong class=\"qwen-markdown-strong\"><span class=\"qwen-markdown-text\">\u201cMoshiyaju\u201d<\/span><\/strong><span class=\"qwen-markdown-text\"> \u201cMo\u201d ist f\u00fcr unsere Marke von gro\u00dfer Bedeutung. Es spiegelt unsere Philosophie wider, R\u00e4ume zu schaffen, in denen sich G\u00e4ste wie zu Hause f\u00fchlen, unabh\u00e4ngig von ihrer Anreise. \u201cMo\u201d steht f\u00fcr W\u00e4rme und Gem\u00fctlichkeit, \u201cShi\u201d f\u00fcr Komfort und Leichtigkeit, und \u201eYaju\u201c vermittelt das Gef\u00fchl einer eleganten, stilvollen Residenz. Gemeinsam fangen diese Elemente die Essenz dessen ein, was wir bieten m\u00f6chten: ein warmes, komfortables und anspruchsvolles Zuhause fernab von Zuhause.<\/span><\/div><div class=\"qwen-markdown-space\">\u00a0<\/div><div class=\"qwen-markdown-paragraph\"><span class=\"qwen-markdown-text\">Jeder Aspekt unseres Hotels \u2013 von der Inneneinrichtung bis hin zu den Serviceabl\u00e4ufen \u2013 wurde sorgf\u00e4ltig gestaltet, um dem Versprechen unseres Namens gerecht zu werden. Wir wollten, dass unsere G\u00e4ste beim Betreten unseres Hauses sofort den Unterschied sp\u00fcren, den aufmerksame Gastfreundschaft ausmacht.<\/span><\/div><div class=\"qwen-markdown-space\">\u00a0<\/div><h2 class=\"qwen-markdown-heading\"><span class=\"qwen-markdown-text\">Unsere Mission: Unvergessliche Erlebnisse schaffen<\/span><\/h2><div class=\"qwen-markdown-paragraph\"><span class=\"qwen-markdown-text\">Im Mittelpunkt all unseres Handelns steht eine klare und \u00fcberzeugende Mission: <\/span><strong class=\"qwen-markdown-strong\"><span class=\"qwen-markdown-text\">Wir bieten au\u00dfergew\u00f6hnliche Gastfreundschaft, die die Reise jedes Gastes durch Shenzhen bereichert.<\/span><\/strong><span class=\"qwen-markdown-text\">. Wir glauben, dass Reisen Leben ver\u00e4ndert, und es ist uns eine Ehre, zu dieser Ver\u00e4nderung beizutragen. Ob unsere G\u00e4ste gesch\u00e4ftlich reisen, Familienfeste feiern, einen romantischen Kurzurlaub verbringen oder kulturelle Erfahrungen sammeln m\u00f6chten \u2013 wir sorgen daf\u00fcr, dass ihr Aufenthalt reibungslos, komfortabel und unvergesslich wird.<\/span><\/div><div class=\"qwen-markdown-space\">\u00a0<\/div><div class=\"qwen-markdown-paragraph\"><span class=\"qwen-markdown-text\">Unsere Mission geht weit \u00fcber saubere Zimmer und bequeme Betten hinaus. Wir m\u00f6chten unvergessliche Momente schaffen \u2013 eine perfekt getimte Tasse Tee nach einem langen Flug, eine hilfreiche Empfehlung f\u00fcr ein Restaurant in der N\u00e4he, ein Zimmer-Upgrade, das einen gew\u00f6hnlichen Aufenthalt zu etwas Besonderem macht. Diese kleinen Aufmerksamkeiten summieren sich zu Erlebnissen, an die sich unsere G\u00e4ste noch lange nach ihrer Abreise erinnern.<\/span><\/div><div class=\"qwen-markdown-space\">\u00a0<\/div><h2 class=\"qwen-markdown-heading\"><span class=\"qwen-markdown-text\">Unsere Vision: F\u00fchrende Innovationsf\u00fchrer im Gastgewerbe in Guangdong<\/span><\/h2><div class=\"qwen-markdown-paragraph\"><span class=\"qwen-markdown-text\">Mit Blick auf die Zukunft sieht sich das Shenzhen Moshiyaju Hotel als ein <\/span><strong class=\"qwen-markdown-strong\"><span class=\"qwen-markdown-text\">f\u00fchrende Boutique-Hotelmarke in der Provinz Guangdong<\/span><\/strong><span class=\"qwen-markdown-text\">, Wir sind bekannt f\u00fcr Innovation, Nachhaltigkeit und g\u00e4steorientierten Service. Unser Ziel ist es, neue Ma\u00dfst\u00e4be f\u00fcr urbane Hotels zu setzen und moderne Technologie mit herzlicher Gastfreundschaft sowie Luxus mit Barrierefreiheit zu verbinden.<\/span><\/div><div class=\"qwen-markdown-space\">\u00a0<\/div><div class=\"qwen-markdown-paragraph\"><span class=\"qwen-markdown-text\">Unsere Vision umfasst den Ausbau unseres Engagements f\u00fcr nachhaltige Praktiken, die Reduzierung unseres \u00f6kologischen Fu\u00dfabdrucks bei gleichzeitiger Einhaltung h\u00f6chster Qualit\u00e4tsstandards. Wir sind \u00fcberzeugt, dass verantwortungsvolle Gastfreundschaft nicht nur ein Trend, sondern eine Notwendigkeit ist, und setzen uns f\u00fcr die Umsetzung umweltfreundlicher Initiativen in allen unseren Betrieben ein.<\/span><\/div><div class=\"qwen-markdown-space\">\u00a0<\/div><h2 class=\"qwen-markdown-heading\"><span class=\"qwen-markdown-text\">Unsere Leitwerte<\/span><\/h2><div class=\"qwen-markdown-paragraph\"><span class=\"qwen-markdown-text\">F\u00fcnf Kernwerte bilden das Fundament unserer Hotelkultur und unseres Betriebs:<\/span><\/div><div class=\"qwen-markdown-space\">\u00a0<\/div><h3 class=\"qwen-markdown-heading\"><span class=\"qwen-markdown-text\">1. G\u00e4steorientierte Exzellenz<\/span><\/h3><div class=\"qwen-markdown-paragraph\"><span class=\"qwen-markdown-text\">Bei jeder Entscheidung, die wir treffen, steht das G\u00e4steerlebnis im Mittelpunkt. Von der Zimmergestaltung bis hin zu Serviceschulungen \u2013 wir legen Wert darauf, den Aufenthalt unserer G\u00e4ste so komfortabel, angenehm und unkompliziert wie m\u00f6glich zu gestalten.<\/span><\/div><div class=\"qwen-markdown-space\">\u00a0<\/div><h3 class=\"qwen-markdown-heading\"><span class=\"qwen-markdown-text\">2. Integrit\u00e4t und Transparenz<\/span><\/h3><div class=\"qwen-markdown-paragraph\"><span class=\"qwen-markdown-text\">Wir setzen auf offene Kommunikation mit unseren G\u00e4sten, transparente Preise ohne versteckte Geb\u00fchren und die Einhaltung all unserer Versprechen. Vertrauen ist die Basis f\u00fcr dauerhafte Beziehungen.<\/span><\/div><div class=\"qwen-markdown-space\">\u00a0<\/div><h3 class=\"qwen-markdown-heading\"><span class=\"qwen-markdown-text\">3. Kontinuierliche Verbesserung<\/span><\/h3><div class=\"qwen-markdown-paragraph\"><span class=\"qwen-markdown-text\">Mit \u00fcber <\/span><strong class=\"qwen-markdown-strong\"><span class=\"qwen-markdown-text\">4.400 verifizierte G\u00e4stebewertungen<\/span><\/strong><span class=\"qwen-markdown-text\"> und ein <\/span><strong class=\"qwen-markdown-strong\"><span class=\"qwen-markdown-text\">Bewertung: 9,5\/10<\/span><\/strong><span class=\"qwen-markdown-text\">, Wir feiern unsere Erfolge und arbeiten gleichzeitig t\u00e4glich daran, uns zu verbessern. Das Feedback unserer G\u00e4ste ist uns als Instrument f\u00fcr unser Wachstum sehr wichtig.<\/span><\/div><div class=\"qwen-markdown-space\">\u00a0<\/div><h3 class=\"qwen-markdown-heading\"><span class=\"qwen-markdown-text\">4. Team-Empowerment<\/span><\/h3><div class=\"qwen-markdown-paragraph\"><span class=\"qwen-markdown-text\">Unsere Mitarbeiter sind das Herzst\u00fcck unseres Hotels. Wir investieren in umfassende Schulungen, faire Verg\u00fctung und ein positives Arbeitsumfeld, denn wir wissen: Zufriedene Mitarbeiter sorgen f\u00fcr zufriedene G\u00e4ste.<\/span><\/div><div class=\"qwen-markdown-space\">\u00a0<\/div><h3 class=\"qwen-markdown-heading\"><span class=\"qwen-markdown-text\">5. Gemeinschaftsverbindung<\/span><\/h3><div class=\"qwen-markdown-paragraph\"><span class=\"qwen-markdown-text\">Wir sind stolz darauf, Teil davon zu sein <\/span><strong class=\"qwen-markdown-strong\"><span class=\"qwen-markdown-text\">Gemeinde im Bezirk Luohu<\/span><\/strong><span class=\"qwen-markdown-text\">. Wir unterst\u00fctzen lokale Unternehmen, beziehen Produkte nach M\u00f6glichkeit von Lieferanten aus der Region und engagieren uns in Nachbarschaftsinitiativen, die das Gebiet f\u00fcr Anwohner und Besucher gleicherma\u00dfen aufwerten.<\/span><\/div><div class=\"qwen-markdown-space\">\u00a0<\/div><h2 class=\"qwen-markdown-heading\"><span class=\"qwen-markdown-text\">Was uns einzigartig macht: Der Moshiyaju-Unterschied<\/span><\/h2><div class=\"qwen-markdown-paragraph\"><span class=\"qwen-markdown-text\">In einer Stadt mit unz\u00e4hligen Unterkunftsm\u00f6glichkeiten hebt sich das Shenzhen Moshiyaju Hotel durch mehrere besondere Merkmale hervor:<\/span><\/div><div class=\"qwen-markdown-space\">\u00a0<\/div><h3 class=\"qwen-markdown-heading\"><span class=\"qwen-markdown-text\">Technologie trifft auf Komfort<\/span><\/h3><div class=\"qwen-markdown-paragraph\"><span class=\"qwen-markdown-text\">Wir geh\u00f6rten zu den ersten Boutique-Hotels in Shenzhen, die integrierten <\/span><strong class=\"qwen-markdown-strong\"><span class=\"qwen-markdown-text\">Smart-Room-Technologie<\/span><\/strong><span class=\"qwen-markdown-text\"> Dazu geh\u00f6ren die Spiegelung von Projektionsfl\u00e4chen, die Aurora-TV-Mitgliedschaft mit mobiler Streaming-Funktion und vier anpassbare Beleuchtungsmodi. Diese Innovationen sind keine Spielereien, sondern durchdachte Erg\u00e4nzungen, die den Komfort und das Unterhaltungserlebnis der G\u00e4ste verbessern.<\/span><\/div><div class=\"qwen-markdown-space\">\u00a0<\/div><h3 class=\"qwen-markdown-heading\"><span class=\"qwen-markdown-text\">Kompromisslose Sauberkeitsstandards<\/span><\/h3><div class=\"qwen-markdown-paragraph\"><span class=\"qwen-markdown-text\">Unser <\/span><strong class=\"qwen-markdown-strong\"><span class=\"qwen-markdown-text\">tadellose Sauberkeitswerte<\/span><\/strong><span class=\"qwen-markdown-text\"> Unser strenges Reinigungsprotokoll l\u00e4sst keinen Winkel aus. G\u00e4ste loben immer wieder unsere makellosen Zimmer, staubfreien Oberfl\u00e4chen und die sorgf\u00e4ltig gepflegten Einrichtungen. Dieses Engagement f\u00fcr Hygiene hat in den letzten Jahren noch an Bedeutung gewonnen, und wir haben diese hohen Standards beibehalten.<\/span><\/div><div class=\"qwen-markdown-space\">\u00a0<\/div><h3 class=\"qwen-markdown-heading\"><span class=\"qwen-markdown-text\">Personalisierter Service in gro\u00dfem Umfang<\/span><\/h3><div class=\"qwen-markdown-paragraph\"><span class=\"qwen-markdown-text\">Obwohl wir j\u00e4hrlich Tausende von G\u00e4sten betreuen, bewahren wir uns den Charme eines Boutique-Hotels, in dem die Mitarbeiter Stammg\u00e4ste erkennen, sich an deren Vorlieben erinnern und ihnen einen pers\u00f6nlichen Service bieten. <\/span><strong class=\"qwen-markdown-strong\"><span class=\"qwen-markdown-text\">Servicebewertung: 9,6\/10<\/span><\/strong><span class=\"qwen-markdown-text\"> spiegelt dieses Engagement f\u00fcr individuelle Betreuung wider.<\/span><\/div><div class=\"qwen-markdown-space\">\u00a0<\/div><h3 class=\"qwen-markdown-heading\"><span class=\"qwen-markdown-text\">Erstklassige Lage mit ruhiger Atmosph\u00e4re<\/span><\/h3><div class=\"qwen-markdown-paragraph\"><span class=\"qwen-markdown-text\">Befindet sich in <\/span><strong class=\"qwen-markdown-strong\"><span class=\"qwen-markdown-text\">Guiyuan Nordstra\u00dfe Nr. 6<\/span><\/strong><span class=\"qwen-markdown-text\">, Wir bieten die seltene Kombination aus urbanem Komfort und friedlicher Ruheoase. G\u00e4ste genie\u00dfen direkten Zugang zu \u2026 <\/span><strong class=\"qwen-markdown-strong\"><span class=\"qwen-markdown-text\">Einkaufszentrum Mixc<\/span><\/strong><span class=\"qwen-markdown-text\">, Obwohl sich unsere Immobilie in der N\u00e4he von U-Bahn-Stationen und Gesch\u00e4ftsvierteln befindet, bietet sie einen ruhigen R\u00fcckzugsort abseits des st\u00e4dtischen Trubels.<\/span><\/div><div class=\"qwen-markdown-space\">\u00a0<\/div><h3 class=\"qwen-markdown-heading\"><span class=\"qwen-markdown-text\">Au\u00dfergew\u00f6hnliches Preis-Leistungs-Verh\u00e4ltnis<\/span><\/h3><div class=\"qwen-markdown-paragraph\"><span class=\"qwen-markdown-text\">Wir sind der Ansicht, dass Luxushotellerie f\u00fcr alle zug\u00e4nglich sein sollte. Unsere wettbewerbsf\u00e4higen Preise liegen in der Regel zwischen <\/span><strong class=\"qwen-markdown-strong\"><span class=\"qwen-markdown-text\">$60\u2013$100 USD w\u00e4hrend der Hochsaison<\/span><\/strong><span class=\"qwen-markdown-text\">, Wir bieten Premium-Erlebnisse zu erschwinglichen Preisen. Kombiniert mit Annehmlichkeiten wie <\/span><strong class=\"qwen-markdown-strong\"><span class=\"qwen-markdown-text\">kostenlose Parkpl\u00e4tze vor Ort<\/span><\/strong><span class=\"qwen-markdown-text\"> Und dank kostenlosem WLAN erhalten G\u00e4ste ein hervorragendes Preis-Leistungs-Verh\u00e4ltnis.<\/span><\/div><div class=\"qwen-markdown-space\">\u00a0<\/div><h2 class=\"qwen-markdown-heading\"><span class=\"qwen-markdown-text\">Unser Versprechen an jeden Gast<\/span><\/h2><div class=\"qwen-markdown-paragraph\"><span class=\"qwen-markdown-text\">Wenn Sie sich f\u00fcr das Shenzhen Moshiyaju Hotel entscheiden, buchen Sie nicht nur ein Zimmer \u2013 Sie gehen eine Partnerschaft ein, in der Ihre Zufriedenheit unser oberstes Ziel ist. Wir verpflichten uns zu Folgendem:<\/span><\/div><div class=\"qwen-markdown-space\">\u00a0<\/div><ul class=\"qwen-markdown-list\" dir=\"auto\"><li><strong class=\"qwen-markdown-strong\"><span class=\"qwen-markdown-text\">Reaktionsschnelle Kommunikation<\/span><\/strong><span class=\"qwen-markdown-text\">Unser 24-Stunden-Rezeptionsteam steht Ihnen jederzeit zur Verf\u00fcgung, um Fragen, Anliegen oder Sonderw\u00fcnsche zu beantworten.<\/span><\/li><li><strong class=\"qwen-markdown-strong\"><span class=\"qwen-markdown-text\">Komfortable Unterk\u00fcnfte<\/span><\/strong><span class=\"qwen-markdown-text\">Jedes Zimmer verf\u00fcgt \u00fcber <\/span><strong class=\"qwen-markdown-strong\"><span class=\"qwen-markdown-text\">druckfreie Matratzen<\/span><\/strong><span class=\"qwen-markdown-text\">, <\/span><strong class=\"qwen-markdown-strong\"><span class=\"qwen-markdown-text\">gro\u00dfe Fenster mit nat\u00fcrlichem Licht<\/span><\/strong><span class=\"qwen-markdown-text\">, Und <\/span><strong class=\"qwen-markdown-strong\"><span class=\"qwen-markdown-text\">Nichtraucherumgebungen<\/span><\/strong><span class=\"qwen-markdown-text\"> f\u00fcr optimale Erholung.<\/span><\/li><li><strong class=\"qwen-markdown-strong\"><span class=\"qwen-markdown-text\">Nahtlose Erlebnisse<\/span><\/strong><span class=\"qwen-markdown-text\">: Vom reibungslosen Einchecken bei <\/span><strong class=\"qwen-markdown-strong\"><span class=\"qwen-markdown-text\">14:00<\/span><\/strong><span class=\"qwen-markdown-text\"> f\u00fcr einen effizienten Checkout vor <\/span><strong class=\"qwen-markdown-strong\"><span class=\"qwen-markdown-text\">12:00<\/span><\/strong><span class=\"qwen-markdown-text\">, Wir optimieren jeden Prozess zu Ihrem Komfort.<\/span><\/li><li><strong class=\"qwen-markdown-strong\"><span class=\"qwen-markdown-text\">Sicherheit und Schutz<\/span><\/strong><span class=\"qwen-markdown-text\">: Mit <\/span><strong class=\"qwen-markdown-strong\"><span class=\"qwen-markdown-text\">Erste-Hilfe-R\u00e4ume<\/span><\/strong><span class=\"qwen-markdown-text\">, Mit sicheren Einrichtungen und aufmerksamen Mitarbeitern steht Ihr Wohlbefinden f\u00fcr uns an erster Stelle.<\/span><\/li><li><strong class=\"qwen-markdown-strong\"><span class=\"qwen-markdown-text\">Flexible L\u00f6sungen<\/span><\/strong><span class=\"qwen-markdown-text\">Ob Sie ben\u00f6tigen <\/span><strong class=\"qwen-markdown-strong\"><span class=\"qwen-markdown-text\">sp\u00e4ter Check-out<\/span><\/strong><span class=\"qwen-markdown-text\">, <\/span><strong class=\"qwen-markdown-strong\"><span class=\"qwen-markdown-text\">Babysitterdienste<\/span><\/strong><span class=\"qwen-markdown-text\">, oder <\/span><strong class=\"qwen-markdown-strong\"><span class=\"qwen-markdown-text\">Zugang zum Besprechungsraum<\/span><\/strong><span class=\"qwen-markdown-text\">, Wir arbeiten daran, Ihren individuellen Bed\u00fcrfnissen gerecht zu werden.<\/span><\/li><\/ul><div class=\"qwen-markdown-space\">\u00a0<\/div><h2 class=\"qwen-markdown-heading\"><span class=\"qwen-markdown-text\">Unsere Verbindung zum Bezirk Luohu und Shenzhen<\/span><\/h2><div class=\"qwen-markdown-paragraph\"><span class=\"qwen-markdown-text\">Shenzhen ist eine Stadt der Innovation, der Energie und unendlicher M\u00f6glichkeiten. Als Hotel im historischen Viertel <\/span><strong class=\"qwen-markdown-strong\"><span class=\"qwen-markdown-text\">Bezirk Luohu<\/span><\/strong><span class=\"qwen-markdown-text\">, Wir sind stolz darauf, Ihnen das Beste dieses pulsierenden Viertels zu pr\u00e4sentieren. Luohu vereint auf perfekte Weise Shenzhens wirtschaftliche Dynamik und kulturellen Reichtum, und unser Hotel ist der ideale Ausgangspunkt, um die Stadt in all ihren Facetten zu entdecken.<\/span><\/div><div class=\"qwen-markdown-space\">\u00a0<\/div><div class=\"qwen-markdown-paragraph\"><span class=\"qwen-markdown-text\">Wir pflegen enge Beziehungen zu lokalen Unternehmen, Reiseveranstaltern und Kultureinrichtungen, um unseren G\u00e4sten authentische Empfehlungen und Erlebnisse zu bieten. Ob Sie nun an einem Einkaufsbummel interessiert sind bei <\/span><strong class=\"qwen-markdown-strong\"><span class=\"qwen-markdown-text\">Mixc<\/span><\/strong><span class=\"qwen-markdown-text\">, Ob Sie nahegelegene Sehensw\u00fcrdigkeiten erkunden oder in den Finanzvierteln von Shenzhen Gesch\u00e4fte t\u00e4tigen m\u00f6chten \u2013 unser Concierge-Team bietet Ihnen kompetente Beratung, um Ihren Besuch zu bereichern.<\/span><\/div><div class=\"qwen-markdown-space\">\u00a0<\/div><h2 class=\"qwen-markdown-heading\"><span class=\"qwen-markdown-text\">Blick in die Zukunft: Unsere Zukunftsvisionen<\/span><\/h2><div class=\"qwen-markdown-paragraph\"><span class=\"qwen-markdown-text\">W\u00e4hrend wir weiter wachsen und uns entwickeln, bleibt das Shenzhen Moshiyaju Hotel seinen Gr\u00fcndungsprinzipien treu und nutzt gleichzeitig neue Innovationsm\u00f6glichkeiten. Unsere Zukunftspl\u00e4ne umfassen:<\/span><\/div><div class=\"qwen-markdown-space\">\u00a0<\/div><ul class=\"qwen-markdown-list\" dir=\"auto\"><li><strong class=\"qwen-markdown-strong\"><span class=\"qwen-markdown-text\">Erweiterte Nachhaltigkeitsinitiativen<\/span><\/strong><span class=\"qwen-markdown-text\">: Einf\u00fchrung umweltfreundlicherer Praktiken in all unseren Betriebsabl\u00e4ufen.<\/span><\/li><li><strong class=\"qwen-markdown-strong\"><span class=\"qwen-markdown-text\">Erweitertes Serviceangebot<\/span><\/strong><span class=\"qwen-markdown-text\">: Erweiterung des Angebots um neue Annehmlichkeiten und Services auf Basis von G\u00e4stefeedback und aktuellen Reisetrends.<\/span><\/li><li><strong class=\"qwen-markdown-strong\"><span class=\"qwen-markdown-text\">Technologie-Upgrades<\/span><\/strong><span class=\"qwen-markdown-text\">Wir integrieren weiterhin intelligente L\u00f6sungen, die den Komfort f\u00fcr unsere G\u00e4ste verbessern, ohne dabei den pers\u00f6nlichen Kontakt zu vernachl\u00e4ssigen.<\/span><\/li><li><strong class=\"qwen-markdown-strong\"><span class=\"qwen-markdown-text\">B\u00fcrgerbeteiligung<\/span><\/strong><span class=\"qwen-markdown-text\">: Vertiefung unseres Engagements bei Initiativen im Bezirk Luohu, die sowohl den Einwohnern als auch den Besuchern zugutekommen.<\/span><\/li><\/ul><div class=\"qwen-markdown-space\">\u00a0<\/div><h2 class=\"qwen-markdown-heading\"><span class=\"qwen-markdown-text\">Begleiten Sie uns in unserer Geschichte<\/span><\/h2><div class=\"qwen-markdown-paragraph\"><span class=\"qwen-markdown-text\">Jeder Gast, der unser Hotel betritt, wird Teil der Geschichte des Shenzhen Moshiyaju Hotels. Ihre Erlebnisse, Ihr Feedback und Ihre Erinnerungen tragen zu der Geschichte bei, die wir gemeinsam schreiben. Wir f\u00fchlen uns geehrt, bereits \u00fcber 100 G\u00e4ste bewirtet zu haben. <\/span><strong class=\"qwen-markdown-strong\"><span class=\"qwen-markdown-text\">4.400 verifizierte G\u00e4ste<\/span><\/strong><span class=\"qwen-markdown-text\"> die ihre positiven Erfahrungen mit uns geteilt haben, und wir freuen uns darauf, viele weitere begr\u00fc\u00dfen zu d\u00fcrfen.<\/span><\/div><div class=\"qwen-markdown-space\">\u00a0<\/div><div class=\"qwen-markdown-paragraph\"><span class=\"qwen-markdown-text\">Ob Sie Shenzhen zum ersten Mal besuchen oder in eine Ihnen gut bekannte Stadt zur\u00fcckkehren, wir laden Sie ein, die Herzlichkeit, den Komfort und den au\u00dfergew\u00f6hnlichen Service zu erleben, die unser Hotel auszeichnen. <\/span><strong class=\"qwen-markdown-strong\"><span class=\"qwen-markdown-text\">Nr. 6 Guiyuan North Road, Bezirk Luohu, Shenzhen, Guangdong, China<\/span><\/strong><span class=\"qwen-markdown-text\">, Deine Geschichte wird zu unserer Geschichte \u2013 und gemeinsam schaffen wir unvergessliche Momente.<\/span><\/div><div class=\"qwen-markdown-space\">\u00a0<\/div><div class=\"qwen-markdown-paragraph\" data-spm-anchor-id=\"a2ty_o01.29997173.0.i55.78345171BgDrYA\"><strong class=\"qwen-markdown-strong\"><span class=\"qwen-markdown-text\">Willkommen zu Hause. Willkommen im Shenzhen Moshiyaju Hotel (Luohu Mixc Branch).<\/span><\/strong><\/div><div class=\"qwen-markdown-space\">\u00a0<\/div><div class=\"qwen-markdown-hr\"><hr \/><\/div><div class=\"qwen-markdown-space\">\u00a0<\/div><div class=\"qwen-markdown-paragraph\" data-spm-anchor-id=\"a2ty_o01.29997173.0.i58.78345171BgDrYA\"><em><span class=\"qwen-markdown-text\">Vielen Dank, dass Sie uns auf unserem Weg begleitet haben. Wir freuen uns darauf, das n\u00e4chste Kapitel unserer Geschichte mit Ihnen zu schreiben.<\/span><\/em><\/div>\t\t\t\t\t\t\t\t<\/div>\n\t\t\t\t\t<\/div>\n\t\t\t\t<\/div>\n\t\t\t\t<\/div>","protected":false},"excerpt":{"rendered":"<p>Our Story \u2013 Shenzhen Moshiyaju Hotel (Luohu Mixc Branch) A Journey of Hospitality Excellence in the Heart of Shenzhen Welcome to Shenzhen Moshiyaju Hotel (Luohu Mixc Branch), where every chapter of our story is written with passion, purpose, and an unwavering commitment to creating memorable experiences for our guests. Located at No. 6 Guiyuan North [&hellip;]<\/p>\n","protected":false},"author":1,"featured_media":0,"parent":0,"menu_order":0,"comment_status":"closed","ping_status":"closed","template":"elementor_header_footer","meta":{"footnotes":""},"class_list":["post-2104","page","type-page","status-publish","hentry","post-no-thumbnail"],"_links":{"self":[{"href":"https:\/\/moshiyajuhotel.com\/de\/wp-json\/wp\/v2\/pages\/2104","targetHints":{"allow":["GET"]}}],"collection":[{"href":"https:\/\/moshiyajuhotel.com\/de\/wp-json\/wp\/v2\/pages"}],"about":[{"href":"https:\/\/moshiyajuhotel.com\/de\/wp-json\/wp\/v2\/types\/page"}],"author":[{"embeddable":true,"href":"https:\/\/moshiyajuhotel.com\/de\/wp-json\/wp\/v2\/users\/1"}],"replies":[{"embeddable":true,"href":"https:\/\/moshiyajuhotel.com\/de\/wp-json\/wp\/v2\/comments?post=2104"}],"version-history":[{"count":0,"href":"https:\/\/moshiyajuhotel.com\/de\/wp-json\/wp\/v2\/pages\/2104\/revisions"}],"wp:attachment":[{"href":"https:\/\/moshiyajuhotel.com\/de\/wp-json\/wp\/v2\/media?parent=2104"}],"curies":[{"name":"wp","href":"https:\/\/api.w.org\/{rel}","templated":true}]}}