{"id":2109,"date":"2021-03-26T08:35:58","date_gmt":"2021-03-26T08:35:58","guid":{"rendered":"http:\/\/localhost\/nuss\/?page_id=536"},"modified":"2026-03-11T07:54:44","modified_gmt":"2026-03-11T07:54:44","slug":"geschaftseinrichtungen","status":"publish","type":"page","link":"https:\/\/moshiyajuhotel.com\/de\/business-facilities\/","title":{"rendered":"Gesch\u00e4ftseinrichtungen"},"content":{"rendered":"<div data-elementor-type=\"wp-page\" data-elementor-id=\"2109\" class=\"elementor elementor-2109\">\n\t\t\t\t\t\t<section class=\"elementor-section elementor-top-section elementor-element elementor-element-bb2901b elementor-section-boxed elementor-section-gap-beside-yes elementor-section-height-default elementor-section-height-default elementor-section-column-vertical-align-stretch\" data-id=\"bb2901b\" data-element_type=\"section\" data-e-type=\"section\">\n\t\t\t\t\t\t<div class=\"elementor-container elementor-column-gap-extended\">\n\t\t\t\t\t<div class=\"elementor-column elementor-col-100 elementor-top-column elementor-element elementor-element-1919db9\" data-id=\"1919db9\" data-element_type=\"column\" data-e-type=\"column\">\n\t\t\t<div class=\"elementor-widget-wrap elementor-element-populated\">\n\t\t\t\t\t\t<div class=\"elementor-element elementor-element-41a7b9c elementor-widget__width-initial elementor-invisible elementor-widget elementor-widget-text-editor\" data-id=\"41a7b9c\" data-element_type=\"widget\" data-e-type=\"widget\" data-settings=\"{&quot;_animation&quot;:&quot;nussFadeInUp&quot;}\" data-widget_type=\"text-editor.default\">\n\t\t\t\t\t\t\t\t\tErstklassige Gesch\u00e4ftseinrichtungen im Shenzhen Moshiyaju Hotel (Luohu Mixc Branch)\t\t\t\t\t\t\t\t<\/div>\n\t\t\t\t\t<\/div>\n\t\t<\/div>\n\t\t\t\t\t<\/div>\n\t\t<\/section>\n\t\t<div class=\"elementor-element elementor-element-5df743a e-flex e-con-boxed e-con e-parent\" data-id=\"5df743a\" data-element_type=\"container\" data-e-type=\"container\">\n\t\t\t\t\t<div class=\"e-con-inner\">\n\t\t\t\t<div class=\"elementor-element elementor-element-604f984 elementor-widget elementor-widget-text-editor\" data-id=\"604f984\" data-element_type=\"widget\" data-e-type=\"widget\" data-widget_type=\"text-editor.default\">\n\t\t\t\t\t\t\t\t\t<h2 class=\"qwen-markdown-heading\"><span class=\"qwen-markdown-text\">F\u00f6rderung des Unternehmenserfolgs im Herzen von Luohu<\/span><\/h2><div class=\"qwen-markdown-paragraph\"><span class=\"qwen-markdown-text\" data-spm-anchor-id=\"a2ty_o01.29997173.0.i24.78345171BgDrYA\">F\u00fcr den anspruchsvollen Gesch\u00e4ftsreisenden ist ein Hotel mehr als nur ein Ort zum Ausruhen \u2013 es ist eine Kommandozentrale f\u00fcr Produktivit\u00e4t, ein Ort der Zusammenarbeit und ein R\u00fcckzugsort zur Erholung. <\/span><strong class=\"qwen-markdown-strong\"><span class=\"qwen-markdown-text\">Shenzhen Moshiyaju Hotel (Luohu Mixc Branch)<\/span><\/strong><span class=\"qwen-markdown-text\">, gelegen bei <\/span><strong class=\"qwen-markdown-strong\"><span class=\"qwen-markdown-text\">Nr. 6 Guiyuan North Road, Bezirk Luohu, Shenzhen, Guangdong, China<\/span><\/strong><span class=\"qwen-markdown-text\">, Wir haben unsere Gesch\u00e4ftsr\u00e4ume sorgf\u00e4ltig gestaltet, um den hohen Anforderungen des modernen Unternehmenslebens gerecht zu werden. Wir sind bekannt f\u00fcr unsere au\u00dfergew\u00f6hnlichen Leistungen. <\/span><strong class=\"qwen-markdown-strong\"><span class=\"qwen-markdown-text\">9,5\/10 G\u00e4stebewertung<\/span><\/strong><span class=\"qwen-markdown-text\">, Wir wissen, dass Effizienz, Vernetzung und Komfort die Grundpfeiler einer erfolgreichen Gesch\u00e4ftsreise sind. Ob Sie einen wichtigen Gesch\u00e4ftsabschluss erzielen, an einer Konferenz in Guangdong teilnehmen oder Remote-Operationen managen \u2013 unsere Unterkunft bietet Ihnen die n\u00f6tige Infrastruktur f\u00fcr Ihren Erfolg.<\/span><\/div><div class=\"qwen-markdown-space\">\u00a0<\/div><h2 class=\"qwen-markdown-heading\"><span class=\"qwen-markdown-text\">Hochgeschwindigkeitsverbindungen und Zimmertechnologie<\/span><\/h2><div class=\"qwen-markdown-paragraph\"><span class=\"qwen-markdown-text\">Im digitalen Zeitalter ist zuverl\u00e4ssiges Internet die Lebensader von Unternehmen. Das Shenzhen Moshiyaju Hotel gew\u00e4hrleistet einen reibungslosen Betrieb mit <\/span><strong class=\"qwen-markdown-strong\"><span class=\"qwen-markdown-text\">kostenloses Highspeed-WLAN<\/span><\/strong><span class=\"qwen-markdown-text\"> Die Internetverbindung ist im gesamten Hotel verf\u00fcgbar, einschlie\u00dflich aller G\u00e4stezimmer und Gemeinschaftsbereiche. Sie erm\u00f6glicht bandbreitenintensive Aufgaben wie HD-Videokonferenzen, die \u00dcbertragung gro\u00dfer Dateien und die unterbrechungsfreie Zusammenarbeit in der Cloud.<\/span><\/div><div class=\"qwen-markdown-space\">\u00a0<\/div><div class=\"qwen-markdown-paragraph\"><span class=\"qwen-markdown-text\">Unser Engagement f\u00fcr Technologie unterscheidet uns von Standardunterk\u00fcnften. Jede unserer Unterk\u00fcnfte <\/span><strong class=\"qwen-markdown-strong\"><span class=\"qwen-markdown-text\">ger\u00e4umige 35 m\u00b2 Zimmer<\/span><\/strong><span class=\"qwen-markdown-text\"> ist ausgestattet mit <\/span><strong class=\"qwen-markdown-strong\"><span class=\"qwen-markdown-text\">Aurora TV-Mitgliedschaft<\/span><\/strong><span class=\"qwen-markdown-text\"> und fortschrittliche mobile \u00dcbertragungsfunktionen. Diese einzigartige Funktion erm\u00f6glicht Gesch\u00e4ftsreisenden, ihre Laptop- oder Smartphone-Bildschirme direkt auf den Bildschirm des Zimmers zu spiegeln. <\/span><strong class=\"qwen-markdown-strong\"><span class=\"qwen-markdown-text\">riesige Projektionsfl\u00e4che<\/span><\/strong><span class=\"qwen-markdown-text\">. Stellen Sie sich vor, Sie k\u00f6nnten komplexe Tabellenkalkulationen pr\u00fcfen, Kollegen im Homeoffice Pr\u00e4sentationen halten oder virtuelle Meetings auf einem gro\u00dfen, hochaufl\u00f6senden Bildschirm bequem von Ihrer privaten Suite aus abhalten. So verwandelt sich Ihr Zimmer in einen pers\u00f6nlichen Pr\u00e4sentationsraum, der Ihnen Privatsph\u00e4re und Professionalit\u00e4t bietet, die Caf\u00e9s oder \u00fcberf\u00fcllte Lounges nicht erreichen.<\/span><\/div><div class=\"qwen-markdown-space\">\u00a0<\/div><h2 class=\"qwen-markdown-heading\"><span class=\"qwen-markdown-text\">Spezielle Besprechungs- und Kollaborationsr\u00e4ume<\/span><\/h2><div class=\"qwen-markdown-paragraph\"><span class=\"qwen-markdown-text\">Pers\u00f6nliche Begegnungen sind weiterhin entscheidend f\u00fcr den Aufbau von Vertrauen und den Abschluss von Verhandlungen. Das Shenzhen Moshiyaju Hotel bietet <\/span><strong class=\"qwen-markdown-strong\"><span class=\"qwen-markdown-text\">professionelle Tagungsr\u00e4ume<\/span><\/strong><span class=\"qwen-markdown-text\"> Unsere R\u00e4umlichkeiten sind f\u00fcr kleine bis mittelgro\u00dfe Firmenveranstaltungen konzipiert. Sie bieten optimale Konzentration und akustische Privatsph\u00e4re, um die Vertraulichkeit sensibler Gespr\u00e4che zu gew\u00e4hrleisten. Ob Team-Brainstorming, Kundenbriefing oder Strategieplanung \u2013 unsere Tagungsr\u00e4ume bieten eine ungest\u00f6rte Arbeitsumgebung.<\/span><\/div><div class=\"qwen-markdown-space\">\u00a0<\/div><div class=\"qwen-markdown-paragraph\"><span class=\"qwen-markdown-text\">Unser Support-Team ist speziell geschult, um Sie bei allen logistischen Belangen zu unterst\u00fctzen, damit Sie sich ganz auf die Agenda konzentrieren k\u00f6nnen und nicht auf die Organisation. Die Tagungsr\u00e4ume f\u00fcgen sich harmonisch in die ruhige Atmosph\u00e4re des Hotels ein und erm\u00f6glichen so konzentriertes Arbeiten abseits des Trubels der Innenstadt, sind aber dennoch f\u00fcr alle Teilnehmer gut erreichbar.<\/span><\/div><div class=\"qwen-markdown-space\">\u00a0<\/div><h2 class=\"qwen-markdown-heading\"><span class=\"qwen-markdown-text\">Ergonomische Arbeitspl\u00e4tze im Zimmer<\/span><\/h2><div class=\"qwen-markdown-paragraph\"><span class=\"qwen-markdown-text\">Wir verstehen, dass Sie einen Gro\u00dfteil Ihrer Arbeit in der Privatsph\u00e4re Ihres Zimmers erledigen m\u00fcssen. Unsere G\u00e4stezimmer sind so eingerichtet, dass sie als effiziente private B\u00fcros dienen k\u00f6nnen. <\/span><strong class=\"qwen-markdown-strong\"><span class=\"qwen-markdown-text\">Gro\u00dfe Fenster<\/span><\/strong><span class=\"qwen-markdown-text\"> Durchfluten Sie den Arbeitsbereich mit nat\u00fcrlichem Licht und reduzieren Sie so die Augenbelastung bei langen Arbeitszeiten. F\u00fcr Abendsitzungen bieten wir Ihnen <\/span><strong class=\"qwen-markdown-strong\"><span class=\"qwen-markdown-text\">vier einstellbare Beleuchtungsmodi<\/span><\/strong><span class=\"qwen-markdown-text\"> Sie k\u00f6nnen die Atmosph\u00e4re so anpassen, dass sie f\u00fcr Aufgaben geeignet ist, die Konzentration oder Entspannung erfordern.<\/span><\/div><div class=\"qwen-markdown-space\">\u00a0<\/div><div class=\"qwen-markdown-paragraph\"><span class=\"qwen-markdown-text\">Die R\u00e4ume sind mit komfortablen Arbeitsbereichen ausgestattet, die unsere charakteristische <\/span><strong class=\"qwen-markdown-strong\"><span class=\"qwen-markdown-text\">druckfreie Matratzen<\/span><\/strong><span class=\"qwen-markdown-text\">. Dies gew\u00e4hrleistet einen nahtlosen \u00dcbergang von konzentrierter Produktivit\u00e4t zu tiefem, erholsamem Schlaf und minimiert so Jetlag und M\u00fcdigkeit. Zus\u00e4tzliche Annehmlichkeiten wie <\/span><strong class=\"qwen-markdown-strong\"><span class=\"qwen-markdown-text\">temperaturgesteuerte intelligente Toiletten<\/span><\/strong><span class=\"qwen-markdown-text\"> Und <\/span><strong class=\"qwen-markdown-strong\"><span class=\"qwen-markdown-text\">Nichtraucherumgebungen<\/span><\/strong><span class=\"qwen-markdown-text\"> wird weiter gesteigert, sodass Sie erfrischt und bereit f\u00fcr die morgendlichen Meetings bleiben.<\/span><\/div><div class=\"qwen-markdown-space\">\u00a0<\/div><h2 class=\"qwen-markdown-heading\"><span class=\"qwen-markdown-text\">Strategischer Standort f\u00fcr Business-Netzwerke<\/span><\/h2><div class=\"qwen-markdown-paragraph\"><span class=\"qwen-markdown-text\">Der Standort ist ein entscheidender Faktor f\u00fcr Gesch\u00e4ftsreisen, und <\/span><strong class=\"qwen-markdown-strong\"><span class=\"qwen-markdown-text\">Guiyuan Nordstra\u00dfe Nr. 6<\/span><\/strong><span class=\"qwen-markdown-text\"> Das Hotel liegt mitten im pulsierenden Gesch\u00e4ftsleben von Shenzhen. Es befindet sich in der N\u00e4he des renommierten <\/span><strong class=\"qwen-markdown-strong\"><span class=\"qwen-markdown-text\">Mixc Einkaufszentrum<\/span><\/strong><span class=\"qwen-markdown-text\">, Die zahlreichen Veranstaltungsorte f\u00fcr Gesch\u00e4ftsessen und Businessveranstaltungen sind bequem zu Fu\u00df erreichbar. Dank dieser N\u00e4he k\u00f6nnen Sie informelle Treffen oder festliche Mahlzeiten ausrichten, ohne lange Anfahrtswege in Kauf nehmen zu m\u00fcssen.<\/span><\/div><div class=\"qwen-markdown-space\">\u00a0<\/div><div class=\"qwen-markdown-paragraph\"><span class=\"qwen-markdown-text\">Einfach nur sein <\/span><strong class=\"qwen-markdown-strong\"><span class=\"qwen-markdown-text\">5,39 Kilometer vom Stadtzentrum entfernt<\/span><\/strong><span class=\"qwen-markdown-text\">, Sie haben bequemen Zugang zu Shenzhens wichtigsten Finanzvierteln und Regierungsgeb\u00e4uden. Die N\u00e4he zu U-Bahn-Stationen erm\u00f6glicht Ihnen und Ihren Kunden eine effiziente Fortbewegung in der Stadt, verk\u00fcrzt die Fahrzeiten und maximiert die Produktivit\u00e4t. F\u00fcr Autofahrer bietet unser <\/span><strong class=\"qwen-markdown-strong\"><span class=\"qwen-markdown-text\">kostenlose Parkpl\u00e4tze vor Ort<\/span><\/strong><span class=\"qwen-markdown-text\"> ist ein erheblicher Vorteil, da dadurch der Stress und die Kosten f\u00fcr die Suche nach einem sicheren Parkplatz im gesch\u00e4ftigen Luohu-Distrikt entfallen.<\/span><\/div><div class=\"qwen-markdown-space\">\u00a0<\/div><h2 class=\"qwen-markdown-heading\"><span class=\"qwen-markdown-text\">Umfassende Dienstleistungen zur Unterst\u00fctzung von Unternehmen<\/span><\/h2><div class=\"qwen-markdown-paragraph\"><span class=\"qwen-markdown-text\">\u00dcber die physischen Einrichtungen hinaus bietet das Shenzhen Moshiyaju Hotel einen Service, der die Bed\u00fcrfnisse von Gesch\u00e4ftsreisenden antizipiert. Unser <\/span><strong class=\"qwen-markdown-strong\"><span class=\"qwen-markdown-text\">24-Stunden-Rezeptionsteam<\/span><\/strong><span class=\"qwen-markdown-text\"> Wir k\u00fcmmern uns um dringende Anfragen, von der Gep\u00e4ckaufbewahrung f\u00fcr fr\u00fche Ank\u00fcnfte bis hin zur Unterst\u00fctzung bei lokalen Druck- oder Kurierdiensten. Wir verstehen die Dringlichkeit von Gesch\u00e4ftsreisen und setzen alles daran, Ihre Anfrage schnell und professionell zu bearbeiten.<\/span><\/div><div class=\"qwen-markdown-space\">\u00a0<\/div><div class=\"qwen-markdown-paragraph\"><span class=\"qwen-markdown-text\">F\u00fcr l\u00e4ngere Aufenthalte bieten wir unsere <\/span><strong class=\"qwen-markdown-strong\"><span class=\"qwen-markdown-text\">effizienter W\u00e4scheservice<\/span><\/strong><span class=\"qwen-markdown-text\"> Sorgt daf\u00fcr, dass Sie bei Meetings stets optimal aussehen, ohne wertvolle Arbeitszeit zu verschwenden. F\u00fcr Familien, die Sie auf Gesch\u00e4ftsreisen begleiten, <\/span><strong class=\"qwen-markdown-strong\"><span class=\"qwen-markdown-text\">Babysitterdienste<\/span><\/strong><span class=\"qwen-markdown-text\"> stehen zur Verf\u00fcgung, sodass Sie sich auf Ihre Arbeit konzentrieren k\u00f6nnen, im Wissen, dass Ihre Angeh\u00f6rigen gut versorgt sind. Mit einem <\/span><strong class=\"qwen-markdown-strong\"><span class=\"qwen-markdown-text\">Servicebewertung: 9,6\/10<\/span><\/strong><span class=\"qwen-markdown-text\">, Unsere Mitarbeiter verstehen die Feinheiten der Gastfreundschaft, die f\u00fcr Gesch\u00e4ftsreisende erforderlich ist.<\/span><\/div><div class=\"qwen-markdown-space\">\u00a0<\/div><h2 class=\"qwen-markdown-heading\"><span class=\"qwen-markdown-text\">W\u00e4hlen Sie Effizienz und Komfort f\u00fcr Ihre n\u00e4chste Reise nach Shenzhen.<\/span><\/h2><div class=\"qwen-markdown-paragraph\"><span class=\"qwen-markdown-text\">Bei der Wahl einer Unterkunft f\u00fcr Ihre Gesch\u00e4ftsreise in Guangdong sollten Sie einen Partner w\u00e4hlen, der Ihre Arbeitsabl\u00e4ufe versteht. Das Shenzhen Moshiyaju Hotel (Luohu Mixc Branch) vereint modernste Technologie, speziell ausgestattete Tagungsr\u00e4ume und eine erstklassige Lage in Luohu und bietet Ihnen so den idealen Rahmen f\u00fcr Ihr Business. Ob Sie einen Gesch\u00e4ftsabschluss erzielen, an einer Konferenz teilnehmen oder Remote-Arbeit leisten \u2013 unsere Einrichtungen unterst\u00fctzen Ihren Erfolg.<\/span><\/div><div class=\"qwen-markdown-space\">\u00a0<\/div><div class=\"qwen-markdown-paragraph\" data-spm-anchor-id=\"a2ty_o01.29997173.0.i26.78345171BgDrYA\"><span class=\"qwen-markdown-text\">Erleben Sie die perfekte Balance aus professioneller Funktionalit\u00e4t und exklusiver Gastfreundschaft bei <\/span><strong class=\"qwen-markdown-strong\"><span class=\"qwen-markdown-text\">Guiyuan Nordstra\u00dfe Nr. 6<\/span><\/strong><span class=\"qwen-markdown-text\">, Bei uns stehen Ihre Gesch\u00e4ftsziele an erster Stelle. Kontaktieren Sie uns noch heute, um Ihr Zimmer zu reservieren und sich den entscheidenden Wettbewerbsvorteil f\u00fcr Ihr n\u00e4chstes Projekt in Shenzhen zu sichern. Schlie\u00dfen Sie sich Tausenden zufriedener Gesch\u00e4ftsreisender an, die das Shenzhen Moshiyaju Hotel zu ihrem bevorzugten Ausgangspunkt f\u00fcr ihre Aktivit\u00e4ten in Shenzhen gemacht haben.<\/span><\/div>\t\t\t\t\t\t\t\t<\/div>\n\t\t\t\t\t<\/div>\n\t\t\t\t<\/div>\n\t\t\t\t<\/div>","protected":false},"excerpt":{"rendered":"<p>Premier Business Facilities at Shenzhen Moshiyaju Hotel (Luohu Mixc Branch) Empowering Corporate Success in the Heart of Luohu For the discerning business traveler, a hotel is more than just a place to rest\u2014it is a command center for productivity, a venue for collaboration, and a sanctuary for recovery. At Shenzhen Moshiyaju Hotel (Luohu Mixc Branch), [&hellip;]<\/p>\n","protected":false},"author":1,"featured_media":0,"parent":0,"menu_order":0,"comment_status":"closed","ping_status":"closed","template":"elementor_header_footer","meta":{"footnotes":""},"class_list":["post-2109","page","type-page","status-publish","hentry","post-no-thumbnail"],"_links":{"self":[{"href":"https:\/\/moshiyajuhotel.com\/de\/wp-json\/wp\/v2\/pages\/2109","targetHints":{"allow":["GET"]}}],"collection":[{"href":"https:\/\/moshiyajuhotel.com\/de\/wp-json\/wp\/v2\/pages"}],"about":[{"href":"https:\/\/moshiyajuhotel.com\/de\/wp-json\/wp\/v2\/types\/page"}],"author":[{"embeddable":true,"href":"https:\/\/moshiyajuhotel.com\/de\/wp-json\/wp\/v2\/users\/1"}],"replies":[{"embeddable":true,"href":"https:\/\/moshiyajuhotel.com\/de\/wp-json\/wp\/v2\/comments?post=2109"}],"version-history":[{"count":0,"href":"https:\/\/moshiyajuhotel.com\/de\/wp-json\/wp\/v2\/pages\/2109\/revisions"}],"wp:attachment":[{"href":"https:\/\/moshiyajuhotel.com\/de\/wp-json\/wp\/v2\/media?parent=2109"}],"curies":[{"name":"wp","href":"https:\/\/api.w.org\/{rel}","templated":true}]}}