{"id":2109,"date":"2021-03-26T08:35:58","date_gmt":"2021-03-26T08:35:58","guid":{"rendered":"http:\/\/localhost\/nuss\/?page_id=536"},"modified":"2026-03-11T07:54:44","modified_gmt":"2026-03-11T07:54:44","slug":"instalaciones-comerciales","status":"publish","type":"page","link":"https:\/\/moshiyajuhotel.com\/es\/business-facilities\/","title":{"rendered":"Instalaciones comerciales"},"content":{"rendered":"<div data-elementor-type=\"wp-page\" data-elementor-id=\"2109\" class=\"elementor elementor-2109\">\n\t\t\t\t\t\t<section class=\"elementor-section elementor-top-section elementor-element elementor-element-bb2901b elementor-section-boxed elementor-section-gap-beside-yes elementor-section-height-default elementor-section-height-default elementor-section-column-vertical-align-stretch\" data-id=\"bb2901b\" data-element_type=\"section\" data-e-type=\"section\">\n\t\t\t\t\t\t<div class=\"elementor-container elementor-column-gap-extended\">\n\t\t\t\t\t<div class=\"elementor-column elementor-col-100 elementor-top-column elementor-element elementor-element-1919db9\" data-id=\"1919db9\" data-element_type=\"column\" data-e-type=\"column\">\n\t\t\t<div class=\"elementor-widget-wrap elementor-element-populated\">\n\t\t\t\t\t\t<div class=\"elementor-element elementor-element-41a7b9c elementor-widget__width-initial elementor-invisible elementor-widget elementor-widget-text-editor\" data-id=\"41a7b9c\" data-element_type=\"widget\" data-e-type=\"widget\" data-settings=\"{&quot;_animation&quot;:&quot;nussFadeInUp&quot;}\" data-widget_type=\"text-editor.default\">\n\t\t\t\t\t\t\t\t\tInstalaciones de negocios de primer nivel en el Hotel Shenzhen Moshiyaju (Sucursal Luohu Mixc)\t\t\t\t\t\t\t\t<\/div>\n\t\t\t\t\t<\/div>\n\t\t<\/div>\n\t\t\t\t\t<\/div>\n\t\t<\/section>\n\t\t<div class=\"elementor-element elementor-element-5df743a e-flex e-con-boxed e-con e-parent\" data-id=\"5df743a\" data-element_type=\"container\" data-e-type=\"container\">\n\t\t\t\t\t<div class=\"e-con-inner\">\n\t\t\t\t<div class=\"elementor-element elementor-element-604f984 elementor-widget elementor-widget-text-editor\" data-id=\"604f984\" data-element_type=\"widget\" data-e-type=\"widget\" data-widget_type=\"text-editor.default\">\n\t\t\t\t\t\t\t\t\t<h2 class=\"qwen-markdown-heading\"><span class=\"qwen-markdown-text\">Impulsando el \u00e9xito corporativo en el coraz\u00f3n de Luohu.<\/span><\/h2><div class=\"qwen-markdown-paragraph\"><span class=\"qwen-markdown-text\" data-spm-anchor-id=\"a2ty_o01.29997173.0.i24.78345171BgDrYA\">Para el viajero de negocios exigente, un hotel es m\u00e1s que un simple lugar para descansar: es un centro de mando para la productividad, un espacio para la colaboraci\u00f3n y un santuario para la recuperaci\u00f3n. <\/span><strong class=\"qwen-markdown-strong\"><span class=\"qwen-markdown-text\">Shenzhen Moshiyaju Hotel (sucursal Luohu Mixc)<\/span><\/strong><span class=\"qwen-markdown-text\">, ubicado en <\/span><strong class=\"qwen-markdown-strong\"><span class=\"qwen-markdown-text\">No. 6 Guiyuan North Road, distrito de Luohu, Shenzhen, Guangdong, China<\/span><\/strong><span class=\"qwen-markdown-text\">, Hemos dise\u00f1ado meticulosamente nuestras instalaciones comerciales para satisfacer las exigentes demandas de la vida corporativa moderna. Reconocidos por nuestra excepcional <\/span><strong class=\"qwen-markdown-strong\"><span class=\"qwen-markdown-text\">Valoraci\u00f3n de los hu\u00e9spedes: 9,5\/10<\/span><\/strong><span class=\"qwen-markdown-text\">, Entendemos que la eficiencia, la conectividad y la comodidad son los pilares de un viaje de negocios exitoso. Ya sea que est\u00e9 cerrando un trato importante, asistiendo a una conferencia en Guangdong o gestionando operaciones remotas, nuestro establecimiento le brinda la infraestructura que necesita para prosperar.<\/span><\/div><div class=\"qwen-markdown-space\">\u00a0<\/div><h2 class=\"qwen-markdown-heading\"><span class=\"qwen-markdown-text\">Conectividad de alta velocidad y tecnolog\u00eda en la habitaci\u00f3n.<\/span><\/h2><div class=\"qwen-markdown-paragraph\"><span class=\"qwen-markdown-text\">En la era digital, un internet fiable es la columna vertebral de los negocios. El Hotel Shenzhen Moshiyaju garantiza operaciones sin problemas con <\/span><strong class=\"qwen-markdown-strong\"><span class=\"qwen-markdown-text\">Wi-Fi de alta velocidad gratuito<\/span><\/strong><span class=\"qwen-markdown-text\"> Disponible en todo el establecimiento, incluyendo todas las habitaciones y \u00e1reas comunes. Esta s\u00f3lida conectividad permite realizar tareas que requieren un gran ancho de banda, como videoconferencias en alta definici\u00f3n, transferencias de archivos grandes y colaboraci\u00f3n en la nube, sin interrupciones.<\/span><\/div><div class=\"qwen-markdown-space\">\u00a0<\/div><div class=\"qwen-markdown-paragraph\"><span class=\"qwen-markdown-text\">Nuestro compromiso con la tecnolog\u00eda nos distingue de los alojamientos est\u00e1ndar. Cada uno de nuestros <\/span><strong class=\"qwen-markdown-strong\"><span class=\"qwen-markdown-text\">Habitaciones espaciosas de 35 m\u00b2<\/span><\/strong><span class=\"qwen-markdown-text\"> est\u00e1 equipado con <\/span><strong class=\"qwen-markdown-strong\"><span class=\"qwen-markdown-text\">Suscripci\u00f3n a Aurora TV<\/span><\/strong><span class=\"qwen-markdown-text\"> y capacidades avanzadas de transmisi\u00f3n m\u00f3vil. Esta caracter\u00edstica \u00fanica permite a los hu\u00e9spedes de negocios duplicar las pantallas de sus computadoras port\u00e1tiles o tel\u00e9fonos inteligentes directamente en la habitaci\u00f3n. <\/span><strong class=\"qwen-markdown-strong\"><span class=\"qwen-markdown-text\">pantalla gigante de proyecci\u00f3n<\/span><\/strong><span class=\"qwen-markdown-text\">. Imag\u00ednese revisar hojas de c\u00e1lculo complejas, presentar propuestas a colegas remotos o dirigir reuniones virtuales en una gran pantalla de alta definici\u00f3n desde la comodidad de su suite privada. Esto transforma su habitaci\u00f3n en una sala de presentaciones personal, ofreciendo privacidad y profesionalismo que las cafeter\u00edas o las salas de espera abarrotadas no pueden igualar.<\/span><\/div><div class=\"qwen-markdown-space\">\u00a0<\/div><h2 class=\"qwen-markdown-heading\"><span class=\"qwen-markdown-text\">Espacios exclusivos para reuniones y colaboraci\u00f3n<\/span><\/h2><div class=\"qwen-markdown-paragraph\"><span class=\"qwen-markdown-text\">La interacci\u00f3n cara a cara sigue siendo crucial para generar confianza y finalizar las negociaciones. El Hotel Shenzhen Moshiyaju ofrece <\/span><strong class=\"qwen-markdown-strong\"><span class=\"qwen-markdown-text\">salas de reuniones profesionales<\/span><\/strong><span class=\"qwen-markdown-text\"> Dise\u00f1adas para albergar reuniones corporativas de tama\u00f1o peque\u00f1o a mediano, estas salas est\u00e1n pensadas para fomentar la concentraci\u00f3n y cuentan con aislamiento ac\u00fastico para garantizar la confidencialidad durante conversaciones delicadas. Ya sea que organice una sesi\u00f3n de lluvia de ideas en equipo, una reuni\u00f3n informativa con un cliente o un taller de planificaci\u00f3n estrat\u00e9gica, nuestras instalaciones para reuniones le brindan un entorno libre de distracciones.<\/span><\/div><div class=\"qwen-markdown-space\">\u00a0<\/div><div class=\"qwen-markdown-paragraph\"><span class=\"qwen-markdown-text\">Nuestro personal de apoyo est\u00e1 capacitado para ayudarle con los requisitos log\u00edsticos, garantizando que usted pueda centrarse en la agenda en lugar de en los detalles de la preparaci\u00f3n. Las salas de reuniones se complementan con el ambiente tranquilo del hotel, lo que permite una concentraci\u00f3n profunda lejos del bullicio del centro de la ciudad, sin dejar de ser f\u00e1cilmente accesibles para todos los asistentes.<\/span><\/div><div class=\"qwen-markdown-space\">\u00a0<\/div><h2 class=\"qwen-markdown-heading\"><span class=\"qwen-markdown-text\">Estaciones de trabajo ergon\u00f3micas para interiores<\/span><\/h2><div class=\"qwen-markdown-paragraph\"><span class=\"qwen-markdown-text\">Sabemos que gran parte de su trabajo puede requerir la privacidad de su habitaci\u00f3n. Nuestras habitaciones est\u00e1n dise\u00f1adas para funcionar como oficinas privadas y eficientes. <\/span><strong class=\"qwen-markdown-strong\"><span class=\"qwen-markdown-text\">Grandes ventanas<\/span><\/strong><span class=\"qwen-markdown-text\"> Inundamos el espacio de trabajo con luz natural, reduciendo la fatiga visual durante largas jornadas laborales. Para las sesiones de la tarde, nuestro <\/span><strong class=\"qwen-markdown-strong\"><span class=\"qwen-markdown-text\">cuatro modos de iluminaci\u00f3n ajustables<\/span><\/strong><span class=\"qwen-markdown-text\"> Te permite personalizar el ambiente para adaptarlo a tareas que requieran concentraci\u00f3n o relajaci\u00f3n.<\/span><\/div><div class=\"qwen-markdown-space\">\u00a0<\/div><div class=\"qwen-markdown-paragraph\"><span class=\"qwen-markdown-text\">Las habitaciones est\u00e1n amuebladas con c\u00f3modos espacios de trabajo que complementan nuestro sello distintivo. <\/span><strong class=\"qwen-markdown-strong\"><span class=\"qwen-markdown-text\">colchones de presi\u00f3n cero<\/span><\/strong><span class=\"qwen-markdown-text\">. Esto garantiza que pueda pasar sin problemas de un modo de productividad concentrada a un sue\u00f1o profundo y reparador, minimizando el desfase horario y la fatiga. Comodidades adicionales como <\/span><strong class=\"qwen-markdown-strong\"><span class=\"qwen-markdown-text\">inodoros inteligentes con control de temperatura<\/span><\/strong><span class=\"qwen-markdown-text\"> y <\/span><strong class=\"qwen-markdown-strong\"><span class=\"qwen-markdown-text\">entornos libres de humo<\/span><\/strong><span class=\"qwen-markdown-text\"> Mejora a\u00fan m\u00e1s tu nivel de comodidad profesional, manteni\u00e9ndote descansado y listo para las reuniones matutinas.<\/span><\/div><div class=\"qwen-markdown-space\">\u00a0<\/div><h2 class=\"qwen-markdown-heading\"><span class=\"qwen-markdown-text\">Ubicaci\u00f3n estrat\u00e9gica para establecer contactos comerciales.<\/span><\/h2><div class=\"qwen-markdown-paragraph\"><span class=\"qwen-markdown-text\">La ubicaci\u00f3n es un activo fundamental para los viajes de negocios, y <\/span><strong class=\"qwen-markdown-strong\"><span class=\"qwen-markdown-text\">Calle Guiyuan Norte n\u00ba 6<\/span><\/strong><span class=\"qwen-markdown-text\"> Lo sit\u00faa en el centro de la vitalidad comercial de Shenzhen. El hotel est\u00e1 ubicado cerca del prestigioso <\/span><strong class=\"qwen-markdown-strong\"><span class=\"qwen-markdown-text\">Complejo comercial Mixc<\/span><\/strong><span class=\"qwen-markdown-text\">, Ofrece numerosos espacios para cenas de negocios y eventos corporativos a poca distancia. Esta proximidad permite organizar reuniones informales o comidas de celebraci\u00f3n sin necesidad de largos desplazamientos.<\/span><\/div><div class=\"qwen-markdown-space\">\u00a0<\/div><div class=\"qwen-markdown-paragraph\"><span class=\"qwen-markdown-text\">Ser simplemente <\/span><strong class=\"qwen-markdown-strong\"><span class=\"qwen-markdown-text\">A 5,39 kil\u00f3metros del centro de la ciudad.<\/span><\/strong><span class=\"qwen-markdown-text\">, tendr\u00e1 f\u00e1cil acceso a los principales distritos financieros y oficinas gubernamentales de Shenzhen. La proximidad a las estaciones de metro garantiza que usted y sus clientes puedan desplazarse por la ciudad de manera eficiente, reduciendo el tiempo de tr\u00e1nsito y maximizando la productividad. Para quienes conducen, nuestro <\/span><strong class=\"qwen-markdown-strong\"><span class=\"qwen-markdown-text\">Aparcamiento gratuito en las instalaciones<\/span><\/strong><span class=\"qwen-markdown-text\"> Esto supone una ventaja significativa, ya que elimina el estr\u00e9s y el coste de encontrar aparcamiento seguro en el concurrido distrito de Luohu.<\/span><\/div><div class=\"qwen-markdown-space\">\u00a0<\/div><h2 class=\"qwen-markdown-heading\"><span class=\"qwen-markdown-text\">Servicios integrales de apoyo empresarial<\/span><\/h2><div class=\"qwen-markdown-paragraph\"><span class=\"qwen-markdown-text\">M\u00e1s all\u00e1 de las instalaciones f\u00edsicas, el Hotel Shenzhen Moshiyaju ofrece un servicio que se anticipa a las necesidades empresariales. <\/span><strong class=\"qwen-markdown-strong\"><span class=\"qwen-markdown-text\">Equipo de recepci\u00f3n disponible las 24 horas<\/span><\/strong><span class=\"qwen-markdown-text\"> Estamos disponibles para atender solicitudes urgentes, desde el almacenamiento de equipaje para llegadas anticipadas hasta la asistencia con servicios locales de impresi\u00f3n o mensajer\u00eda. Comprendemos la urgencia de los viajes corporativos y nos comprometemos a resolver cualquier solicitud de forma r\u00e1pida y profesional.<\/span><\/div><div class=\"qwen-markdown-space\">\u00a0<\/div><div class=\"qwen-markdown-paragraph\"><span class=\"qwen-markdown-text\">Para estancias prolongadas, nuestro <\/span><strong class=\"qwen-markdown-strong\"><span class=\"qwen-markdown-text\">servicio de lavander\u00eda eficiente<\/span><\/strong><span class=\"qwen-markdown-text\"> garantiza que siempre luzcas lo mejor posible en las reuniones sin perder valioso tiempo de trabajo. Para las familias que te acompa\u00f1an en viajes de negocios, <\/span><strong class=\"qwen-markdown-strong\"><span class=\"qwen-markdown-text\">servicios de ni\u00f1era<\/span><\/strong><span class=\"qwen-markdown-text\"> est\u00e1n disponibles, lo que le permite concentrarse en el trabajo sabiendo que sus seres queridos est\u00e1n bien atendidos. Con un <\/span><strong class=\"qwen-markdown-strong\"><span class=\"qwen-markdown-text\">Calificaci\u00f3n del servicio: 9,6\/10<\/span><\/strong><span class=\"qwen-markdown-text\">, Nuestro personal comprende los matices de la hospitalidad que se requieren para los hu\u00e9spedes de negocios.<\/span><\/div><div class=\"qwen-markdown-space\">\u00a0<\/div><h2 class=\"qwen-markdown-heading\"><span class=\"qwen-markdown-text\">Elija eficiencia y comodidad para su pr\u00f3ximo viaje a Shenzhen.<\/span><\/h2><div class=\"qwen-markdown-paragraph\"><span class=\"qwen-markdown-text\">Al elegir alojamiento para viajes corporativos en Guangdong, opte por un socio que comprenda su flujo de trabajo. El Hotel Shenzhen Moshiyaju (Sucursal Luohu Mixc) combina tecnolog\u00eda de vanguardia, espacios exclusivos para reuniones y una ubicaci\u00f3n privilegiada en Luohu para crear el entorno de negocios ideal. Ya sea que est\u00e9 cerrando un trato, asistiendo a una conferencia o gestionando operaciones remotas, nuestras instalaciones est\u00e1n dise\u00f1adas para respaldar su \u00e9xito.<\/span><\/div><div class=\"qwen-markdown-space\">\u00a0<\/div><div class=\"qwen-markdown-paragraph\" data-spm-anchor-id=\"a2ty_o01.29997173.0.i26.78345171BgDrYA\"><span class=\"qwen-markdown-text\">Experimente el equilibrio perfecto entre utilidad profesional y hospitalidad boutique en <\/span><strong class=\"qwen-markdown-strong\"><span class=\"qwen-markdown-text\">Calle Guiyuan Norte n\u00ba 6<\/span><\/strong><span class=\"qwen-markdown-text\">, En Shenzhen, sus objetivos comerciales son nuestra prioridad. Cont\u00e1ctenos hoy para reservar su habitaci\u00f3n y obtener la ventaja competitiva que necesita para su pr\u00f3ximo proyecto en Shenzhen. \u00danase a los miles de viajeros de negocios satisfechos que han elegido el Hotel Shenzhen Moshiyaju como su base de operaciones preferida en Shenzhen.<\/span><\/div>\t\t\t\t\t\t\t\t<\/div>\n\t\t\t\t\t<\/div>\n\t\t\t\t<\/div>\n\t\t\t\t<\/div>","protected":false},"excerpt":{"rendered":"<p>Premier Business Facilities at Shenzhen Moshiyaju Hotel (Luohu Mixc Branch) Empowering Corporate Success in the Heart of Luohu For the discerning business traveler, a hotel is more than just a place to rest\u2014it is a command center for productivity, a venue for collaboration, and a sanctuary for recovery. At Shenzhen Moshiyaju Hotel (Luohu Mixc Branch), [&hellip;]<\/p>\n","protected":false},"author":1,"featured_media":0,"parent":0,"menu_order":0,"comment_status":"closed","ping_status":"closed","template":"elementor_header_footer","meta":{"footnotes":""},"class_list":["post-2109","page","type-page","status-publish","hentry","post-no-thumbnail"],"_links":{"self":[{"href":"https:\/\/moshiyajuhotel.com\/es\/wp-json\/wp\/v2\/pages\/2109","targetHints":{"allow":["GET"]}}],"collection":[{"href":"https:\/\/moshiyajuhotel.com\/es\/wp-json\/wp\/v2\/pages"}],"about":[{"href":"https:\/\/moshiyajuhotel.com\/es\/wp-json\/wp\/v2\/types\/page"}],"author":[{"embeddable":true,"href":"https:\/\/moshiyajuhotel.com\/es\/wp-json\/wp\/v2\/users\/1"}],"replies":[{"embeddable":true,"href":"https:\/\/moshiyajuhotel.com\/es\/wp-json\/wp\/v2\/comments?post=2109"}],"version-history":[{"count":0,"href":"https:\/\/moshiyajuhotel.com\/es\/wp-json\/wp\/v2\/pages\/2109\/revisions"}],"wp:attachment":[{"href":"https:\/\/moshiyajuhotel.com\/es\/wp-json\/wp\/v2\/media?parent=2109"}],"curies":[{"name":"wp","href":"https:\/\/api.w.org\/{rel}","templated":true}]}}