{"id":2109,"date":"2021-03-26T08:35:58","date_gmt":"2021-03-26T08:35:58","guid":{"rendered":"http:\/\/localhost\/nuss\/?page_id=536"},"modified":"2026-03-11T07:54:44","modified_gmt":"2026-03-11T07:54:44","slug":"installations-commerciales","status":"publish","type":"page","link":"https:\/\/moshiyajuhotel.com\/fr\/business-facilities\/","title":{"rendered":"Installations commerciales"},"content":{"rendered":"<div data-elementor-type=\"wp-page\" data-elementor-id=\"2109\" class=\"elementor elementor-2109\">\n\t\t\t\t\t\t<section class=\"elementor-section elementor-top-section elementor-element elementor-element-bb2901b elementor-section-boxed elementor-section-gap-beside-yes elementor-section-height-default elementor-section-height-default elementor-section-column-vertical-align-stretch\" data-id=\"bb2901b\" data-element_type=\"section\" data-e-type=\"section\">\n\t\t\t\t\t\t<div class=\"elementor-container elementor-column-gap-extended\">\n\t\t\t\t\t<div class=\"elementor-column elementor-col-100 elementor-top-column elementor-element elementor-element-1919db9\" data-id=\"1919db9\" data-element_type=\"column\" data-e-type=\"column\">\n\t\t\t<div class=\"elementor-widget-wrap elementor-element-populated\">\n\t\t\t\t\t\t<div class=\"elementor-element elementor-element-41a7b9c elementor-widget__width-initial elementor-invisible elementor-widget elementor-widget-text-editor\" data-id=\"41a7b9c\" data-element_type=\"widget\" data-e-type=\"widget\" data-settings=\"{&quot;_animation&quot;:&quot;nussFadeInUp&quot;}\" data-widget_type=\"text-editor.default\">\n\t\t\t\t\t\t\t\t\tInstallations d&#039;affaires de premier ordre \u00e0 l&#039;h\u00f4tel Shenzhen Moshiyaju (succursale Luohu Mixc)\t\t\t\t\t\t\t\t<\/div>\n\t\t\t\t\t<\/div>\n\t\t<\/div>\n\t\t\t\t\t<\/div>\n\t\t<\/section>\n\t\t<div class=\"elementor-element elementor-element-5df743a e-flex e-con-boxed e-con e-parent\" data-id=\"5df743a\" data-element_type=\"container\" data-e-type=\"container\">\n\t\t\t\t\t<div class=\"e-con-inner\">\n\t\t\t\t<div class=\"elementor-element elementor-element-604f984 elementor-widget elementor-widget-text-editor\" data-id=\"604f984\" data-element_type=\"widget\" data-e-type=\"widget\" data-widget_type=\"text-editor.default\">\n\t\t\t\t\t\t\t\t\t<h2 class=\"qwen-markdown-heading\"><span class=\"qwen-markdown-text\">Favoriser la r\u00e9ussite des entreprises au c\u0153ur de Luohu<\/span><\/h2><div class=\"qwen-markdown-paragraph\"><span class=\"qwen-markdown-text\" data-spm-anchor-id=\"a2ty_o01.29997173.0.i24.78345171BgDrYA\">Pour le voyageur d&#039;affaires exigeant, un h\u00f4tel est bien plus qu&#039;un simple lieu de repos : c&#039;est un centre n\u00e9vralgique de la productivit\u00e9, un espace de collaboration et un havre de paix propice \u00e0 la r\u00e9cup\u00e9ration. <\/span><strong class=\"qwen-markdown-strong\"><span class=\"qwen-markdown-text\">H\u00f4tel Moshiyaju de Shenzhen (branche Luohu Mixc)<\/span><\/strong><span class=\"qwen-markdown-text\">, situ\u00e9 \u00e0 <\/span><strong class=\"qwen-markdown-strong\"><span class=\"qwen-markdown-text\">No. 6 Guiyuan North Road, district de Luohu, Shenzhen, Guangdong, Chine<\/span><\/strong><span class=\"qwen-markdown-text\">, Nous avons con\u00e7u nos installations commerciales avec le plus grand soin afin de r\u00e9pondre aux exigences rigoureuses du monde des affaires moderne. Reconnus pour notre excellence <\/span><strong class=\"qwen-markdown-strong\"><span class=\"qwen-markdown-text\">Note des clients\u00a0: 9,5\/10<\/span><\/strong><span class=\"qwen-markdown-text\">, Nous savons que l&#039;efficacit\u00e9, la connectivit\u00e9 et le confort sont essentiels \u00e0 la r\u00e9ussite d&#039;un voyage d&#039;affaires. Que vous soyez en train de conclure un accord important, d&#039;assister \u00e0 une conf\u00e9rence dans le Guangdong ou de g\u00e9rer des op\u00e9rations \u00e0 distance, notre \u00e9tablissement vous offre l&#039;infrastructure n\u00e9cessaire \u00e0 votre r\u00e9ussite.<\/span><\/div><div class=\"qwen-markdown-space\">\u00a0<\/div><h2 class=\"qwen-markdown-heading\"><span class=\"qwen-markdown-text\">Connectivit\u00e9 haut d\u00e9bit et technologie en chambre<\/span><\/h2><div class=\"qwen-markdown-paragraph\"><span class=\"qwen-markdown-text\">\u00c0 l&#039;\u00e8re du num\u00e9rique, un acc\u00e8s internet fiable est essentiel \u00e0 la survie des entreprises. L&#039;h\u00f4tel Shenzhen Moshiyaju garantit un fonctionnement sans faille gr\u00e2ce \u00e0 <\/span><strong class=\"qwen-markdown-strong\"><span class=\"qwen-markdown-text\">Wi-Fi haut d\u00e9bit gratuit<\/span><\/strong><span class=\"qwen-markdown-text\"> Disponible dans tout l&#039;\u00e9tablissement, y compris dans toutes les chambres et les espaces communs, cette connectivit\u00e9 performante prend en charge les t\u00e2ches gourmandes en bande passante telles que la visioconf\u00e9rence HD, les transferts de fichiers volumineux et la collaboration dans le cloud, sans interruption.<\/span><\/div><div class=\"qwen-markdown-space\">\u00a0<\/div><div class=\"qwen-markdown-paragraph\"><span class=\"qwen-markdown-text\">Notre engagement envers la technologie nous distingue des h\u00e9bergements classiques. Chacun de nos <\/span><strong class=\"qwen-markdown-strong\"><span class=\"qwen-markdown-text\">chambres spacieuses de 35 m\u00b2<\/span><\/strong><span class=\"qwen-markdown-text\"> est \u00e9quip\u00e9 de <\/span><strong class=\"qwen-markdown-strong\"><span class=\"qwen-markdown-text\">Abonnement \u00e0 Aurora TV<\/span><\/strong><span class=\"qwen-markdown-text\"> et des fonctionnalit\u00e9s avanc\u00e9es de diffusion mobile. Cette fonctionnalit\u00e9 unique permet aux clients en voyage d&#039;affaires de dupliquer l&#039;\u00e9cran de leur ordinateur portable ou de leur smartphone directement sur l&#039;\u00e9cran de la salle. <\/span><strong class=\"qwen-markdown-strong\"><span class=\"qwen-markdown-text\">\u00e9cran de projection g\u00e9ant<\/span><\/strong><span class=\"qwen-markdown-text\">. Imaginez-vous en train de consulter des feuilles de calcul complexes, de pr\u00e9senter des propositions \u00e0 des coll\u00e8gues \u00e0 distance ou de mener des r\u00e9unions virtuelles sur un grand \u00e9cran haute d\u00e9finition, confortablement install\u00e9 dans votre suite priv\u00e9e. Votre chambre se transforme alors en salle de pr\u00e9sentation personnelle, offrant confidentialit\u00e9 et professionnalisme, qualit\u00e9s que les caf\u00e9s ou les salons bond\u00e9s ne peuvent \u00e9galer.<\/span><\/div><div class=\"qwen-markdown-space\">\u00a0<\/div><h2 class=\"qwen-markdown-heading\"><span class=\"qwen-markdown-text\">Espaces d\u00e9di\u00e9s aux r\u00e9unions et \u00e0 la collaboration<\/span><\/h2><div class=\"qwen-markdown-paragraph\"><span class=\"qwen-markdown-text\">Le contact direct reste essentiel pour instaurer la confiance et finaliser les n\u00e9gociations. L&#039;h\u00f4tel Shenzhen Moshiyaju propose <\/span><strong class=\"qwen-markdown-strong\"><span class=\"qwen-markdown-text\">salles de r\u00e9union professionnelles<\/span><\/strong><span class=\"qwen-markdown-text\"> Con\u00e7us pour accueillir des r\u00e9unions d&#039;entreprise de petite et moyenne taille, ces espaces sont pens\u00e9s pour favoriser la concentration et offrent une isolation acoustique optimale afin de garantir la confidentialit\u00e9 des discussions sensibles. Que ce soit pour une s\u00e9ance de brainstorming d&#039;\u00e9quipe, une r\u00e9union d&#039;information client ou un atelier de planification strat\u00e9gique, nos salles de r\u00e9union vous offrent un environnement propice \u00e0 la concentration.<\/span><\/div><div class=\"qwen-markdown-space\">\u00a0<\/div><div class=\"qwen-markdown-paragraph\"><span class=\"qwen-markdown-text\">Notre \u00e9quipe d&#039;assistance est form\u00e9e pour vous accompagner dans la gestion logistique, vous permettant ainsi de vous concentrer pleinement sur l&#039;ordre du jour plut\u00f4t que sur les d\u00e9tails de l&#039;organisation. Les espaces de r\u00e9union, baign\u00e9s dans le calme de l&#039;h\u00f4tel, offrent un cadre id\u00e9al pour une concentration optimale loin de l&#039;agitation du centre-ville, tout en restant facilement accessibles \u00e0 tous les participants.<\/span><\/div><div class=\"qwen-markdown-space\">\u00a0<\/div><h2 class=\"qwen-markdown-heading\"><span class=\"qwen-markdown-text\">Postes de travail ergonomiques en chambre<\/span><\/h2><div class=\"qwen-markdown-paragraph\"><span class=\"qwen-markdown-text\">Nous savons que vous devrez peut-\u00eatre effectuer une grande partie de votre travail dans l&#039;intimit\u00e9 de votre chambre. Nos chambres sont am\u00e9nag\u00e9es pour servir de bureaux priv\u00e9s fonctionnels. <\/span><strong class=\"qwen-markdown-strong\"><span class=\"qwen-markdown-text\">Grandes fen\u00eatres<\/span><\/strong><span class=\"qwen-markdown-text\"> Inondez l&#039;espace de travail de lumi\u00e8re naturelle, r\u00e9duisant ainsi la fatigue oculaire lors des longues heures de travail. Pour les s\u00e9ances du soir, notre <\/span><strong class=\"qwen-markdown-strong\"><span class=\"qwen-markdown-text\">quatre modes d&#039;\u00e9clairage r\u00e9glables<\/span><\/strong><span class=\"qwen-markdown-text\"> vous permettent de personnaliser l&#039;ambiance en fonction des t\u00e2ches n\u00e9cessitant concentration ou d\u00e9tente.<\/span><\/div><div class=\"qwen-markdown-space\">\u00a0<\/div><div class=\"qwen-markdown-paragraph\"><span class=\"qwen-markdown-text\">Les chambres sont am\u00e9nag\u00e9es avec des espaces de travail confortables qui compl\u00e8tent notre signature <\/span><strong class=\"qwen-markdown-strong\"><span class=\"qwen-markdown-text\">matelas \u00e0 pression nulle<\/span><\/strong><span class=\"qwen-markdown-text\">. Cela vous permet de passer sans difficult\u00e9 d&#039;un mode de productivit\u00e9 intense \u00e0 un sommeil profond et r\u00e9parateur, minimisant ainsi le d\u00e9calage horaire et la fatigue. Des \u00e9quipements suppl\u00e9mentaires tels que <\/span><strong class=\"qwen-markdown-strong\"><span class=\"qwen-markdown-text\">toilettes intelligentes \u00e0 temp\u00e9rature contr\u00f4l\u00e9e<\/span><\/strong><span class=\"qwen-markdown-text\"> et <\/span><strong class=\"qwen-markdown-strong\"><span class=\"qwen-markdown-text\">environnements non-fumeurs<\/span><\/strong><span class=\"qwen-markdown-text\"> Am\u00e9liorez encore votre confort professionnel, en vous gardant frais et dispos pour vos r\u00e9unions matinales.<\/span><\/div><div class=\"qwen-markdown-space\">\u00a0<\/div><h2 class=\"qwen-markdown-heading\"><span class=\"qwen-markdown-text\">Emplacement strat\u00e9gique pour le r\u00e9seautage d&#039;affaires<\/span><\/h2><div class=\"qwen-markdown-paragraph\"><span class=\"qwen-markdown-text\">L&#039;emplacement est un atout essentiel pour les voyages d&#039;affaires, et <\/span><strong class=\"qwen-markdown-strong\"><span class=\"qwen-markdown-text\">N\u00b0 6, route nord de Guiyuan<\/span><\/strong><span class=\"qwen-markdown-text\"> L&#039;h\u00f4tel vous place au c\u0153ur du dynamisme commercial de Shenzhen. Il est situ\u00e9 \u00e0 proximit\u00e9 du prestigieux <\/span><strong class=\"qwen-markdown-strong\"><span class=\"qwen-markdown-text\">Complexe commercial Mixc<\/span><\/strong><span class=\"qwen-markdown-text\">, L&#039;emplacement offre de nombreux lieux pour les d\u00eeners d&#039;affaires et les r\u00e9ceptions professionnelles \u00e0 proximit\u00e9 imm\u00e9diate. Cette proximit\u00e9 vous permet d&#039;organiser des r\u00e9unions informelles ou des repas de f\u00eate sans avoir \u00e0 effectuer de longs d\u00e9placements.<\/span><\/div><div class=\"qwen-markdown-space\">\u00a0<\/div><div class=\"qwen-markdown-paragraph\"><span class=\"qwen-markdown-text\">\u00catre juste <\/span><strong class=\"qwen-markdown-strong\"><span class=\"qwen-markdown-text\">5,39 kilom\u00e8tres du centre-ville<\/span><\/strong><span class=\"qwen-markdown-text\">, Vous b\u00e9n\u00e9ficiez d&#039;un acc\u00e8s facile aux principaux quartiers financiers et aux bureaux gouvernementaux de Shenzhen. La proximit\u00e9 des stations de m\u00e9tro vous permet, ainsi qu&#039;\u00e0 vos clients, de vous d\u00e9placer efficacement dans la ville, r\u00e9duisant ainsi les temps de trajet et optimisant la productivit\u00e9. Pour ceux qui conduisent, notre <\/span><strong class=\"qwen-markdown-strong\"><span class=\"qwen-markdown-text\">parking gratuit sur place<\/span><\/strong><span class=\"qwen-markdown-text\"> Cela repr\u00e9sente un avantage consid\u00e9rable, car cela \u00e9limine le stress et les co\u00fbts li\u00e9s \u00e0 la recherche d&#039;un parking s\u00e9curis\u00e9 dans le quartier anim\u00e9 de Luohu.<\/span><\/div><div class=\"qwen-markdown-space\">\u00a0<\/div><h2 class=\"qwen-markdown-heading\"><span class=\"qwen-markdown-text\">Services complets de soutien aux entreprises<\/span><\/h2><div class=\"qwen-markdown-paragraph\"><span class=\"qwen-markdown-text\">Au-del\u00e0 des installations mat\u00e9rielles, l&#039;h\u00f4tel Shenzhen Moshiyaju offre un service qui anticipe les besoins des entreprises. <\/span><strong class=\"qwen-markdown-strong\"><span class=\"qwen-markdown-text\">\u00c9quipe de r\u00e9ception ouverte 24h\/24<\/span><\/strong><span class=\"qwen-markdown-text\"> Nous sommes disponibles pour r\u00e9pondre \u00e0 vos demandes urgentes, qu&#039;il s&#039;agisse de consigne \u00e0 bagages pour les arriv\u00e9es anticip\u00e9es, d&#039;assistance pour vos impressions locales ou de services de messagerie. Conscients de l&#039;importance de l&#039;urgence dans les voyages d&#039;affaires, nous nous engageons \u00e0 traiter toute demande rapidement et avec professionnalisme.<\/span><\/div><div class=\"qwen-markdown-space\">\u00a0<\/div><div class=\"qwen-markdown-paragraph\"><span class=\"qwen-markdown-text\">Pour les s\u00e9jours prolong\u00e9s, notre <\/span><strong class=\"qwen-markdown-strong\"><span class=\"qwen-markdown-text\">service de blanchisserie efficace<\/span><\/strong><span class=\"qwen-markdown-text\"> vous assure d&#039;avoir toujours une apparence impeccable lors de vos r\u00e9unions sans perdre un temps pr\u00e9cieux de travail. Pour les familles qui vous accompagnent en voyage d&#039;affaires, <\/span><strong class=\"qwen-markdown-strong\"><span class=\"qwen-markdown-text\">services de garde d&#039;enfants<\/span><\/strong><span class=\"qwen-markdown-text\"> sont disponibles, vous permettant de vous concentrer sur votre travail en sachant que vos proches sont pris en charge. <\/span><strong class=\"qwen-markdown-strong\"><span class=\"qwen-markdown-text\">Note de service\u00a0: 9,6\/10<\/span><\/strong><span class=\"qwen-markdown-text\">, Notre personnel comprend les subtilit\u00e9s de l&#039;accueil requises pour les clients d&#039;affaires.<\/span><\/div><div class=\"qwen-markdown-space\">\u00a0<\/div><h2 class=\"qwen-markdown-heading\"><span class=\"qwen-markdown-text\">Optez pour l&#039;efficacit\u00e9 et le confort pour votre prochain voyage \u00e0 Shenzhen.<\/span><\/h2><div class=\"qwen-markdown-paragraph\"><span class=\"qwen-markdown-text\">Pour vos d\u00e9placements professionnels dans le Guangdong, choisissez un partenaire qui comprend vos besoins. L&#039;h\u00f4tel Shenzhen Moshiyaju (succursale Luohu Mixc) allie technologies de pointe, espaces de r\u00e9union d\u00e9di\u00e9s et emplacement privil\u00e9gi\u00e9 \u00e0 Luohu pour cr\u00e9er un environnement d&#039;affaires id\u00e9al. Que vous finalisiez un contrat, participiez \u00e0 une conf\u00e9rence ou g\u00e9riez des op\u00e9rations \u00e0 distance, nos installations sont con\u00e7ues pour favoriser votre r\u00e9ussite.<\/span><\/div><div class=\"qwen-markdown-space\">\u00a0<\/div><div class=\"qwen-markdown-paragraph\" data-spm-anchor-id=\"a2ty_o01.29997173.0.i26.78345171BgDrYA\"><span class=\"qwen-markdown-text\">D\u00e9couvrez l&#039;\u00e9quilibre parfait entre professionnalisme et hospitalit\u00e9 de charme chez <\/span><strong class=\"qwen-markdown-strong\"><span class=\"qwen-markdown-text\">N\u00b0 6, route nord de Guiyuan<\/span><\/strong><span class=\"qwen-markdown-text\">, Chez Shenzhen Moshiyaju Hotel, vos objectifs professionnels sont notre priorit\u00e9. Contactez-nous d\u00e8s aujourd&#039;hui pour r\u00e9server votre chambre et b\u00e9n\u00e9ficier d&#039;un environnement propice \u00e0 la productivit\u00e9 pour votre prochain voyage \u00e0 Shenzhen. Rejoignez les milliers de voyageurs d&#039;affaires satisfaits qui ont choisi Shenzhen Moshiyaju Hotel comme point de chute privil\u00e9gi\u00e9 pour leurs op\u00e9rations \u00e0 Shenzhen.<\/span><\/div>\t\t\t\t\t\t\t\t<\/div>\n\t\t\t\t\t<\/div>\n\t\t\t\t<\/div>\n\t\t\t\t<\/div>","protected":false},"excerpt":{"rendered":"<p>Premier Business Facilities at Shenzhen Moshiyaju Hotel (Luohu Mixc Branch) Empowering Corporate Success in the Heart of Luohu For the discerning business traveler, a hotel is more than just a place to rest\u2014it is a command center for productivity, a venue for collaboration, and a sanctuary for recovery. At Shenzhen Moshiyaju Hotel (Luohu Mixc Branch), [&hellip;]<\/p>\n","protected":false},"author":1,"featured_media":0,"parent":0,"menu_order":0,"comment_status":"closed","ping_status":"closed","template":"elementor_header_footer","meta":{"footnotes":""},"class_list":["post-2109","page","type-page","status-publish","hentry","post-no-thumbnail"],"_links":{"self":[{"href":"https:\/\/moshiyajuhotel.com\/fr\/wp-json\/wp\/v2\/pages\/2109","targetHints":{"allow":["GET"]}}],"collection":[{"href":"https:\/\/moshiyajuhotel.com\/fr\/wp-json\/wp\/v2\/pages"}],"about":[{"href":"https:\/\/moshiyajuhotel.com\/fr\/wp-json\/wp\/v2\/types\/page"}],"author":[{"embeddable":true,"href":"https:\/\/moshiyajuhotel.com\/fr\/wp-json\/wp\/v2\/users\/1"}],"replies":[{"embeddable":true,"href":"https:\/\/moshiyajuhotel.com\/fr\/wp-json\/wp\/v2\/comments?post=2109"}],"version-history":[{"count":0,"href":"https:\/\/moshiyajuhotel.com\/fr\/wp-json\/wp\/v2\/pages\/2109\/revisions"}],"wp:attachment":[{"href":"https:\/\/moshiyajuhotel.com\/fr\/wp-json\/wp\/v2\/media?parent=2109"}],"curies":[{"name":"wp","href":"https:\/\/api.w.org\/{rel}","templated":true}]}}